{"id":38,"date":"2024-06-01T15:55:44","date_gmt":"2024-06-01T13:55:44","guid":{"rendered":"https:\/\/delecroix.ovh\/?page_id=38"},"modified":"2024-06-06T21:38:56","modified_gmt":"2024-06-06T19:38:56","slug":"wordpress","status":"publish","type":"page","link":"https:\/\/delecroix.ovh\/index.php\/wordpress\/","title":{"rendered":"WordPress"},"content":{"rendered":"\n<figure class=\"wp-block-image size-large\"><img loading=\"lazy\" decoding=\"async\" width=\"1024\" height=\"546\" src=\"https:\/\/delecroix.ovh\/wp-content\/uploads\/2024\/06\/wordpress-581849_1920-1024x546.jpg\" alt=\"\" class=\"wp-image-74\" srcset=\"https:\/\/delecroix.ovh\/wp-content\/uploads\/2024\/06\/wordpress-581849_1920-1024x546.jpg 1024w, https:\/\/delecroix.ovh\/wp-content\/uploads\/2024\/06\/wordpress-581849_1920-300x160.jpg 300w, https:\/\/delecroix.ovh\/wp-content\/uploads\/2024\/06\/wordpress-581849_1920-768x410.jpg 768w, https:\/\/delecroix.ovh\/wp-content\/uploads\/2024\/06\/wordpress-581849_1920-1536x819.jpg 1536w, https:\/\/delecroix.ovh\/wp-content\/uploads\/2024\/06\/wordpress-581849_1920-1200x640.jpg 1200w, https:\/\/delecroix.ovh\/wp-content\/uploads\/2024\/06\/wordpress-581849_1920.jpg 1920w\" sizes=\"auto, (max-width: 1024px) 100vw, 1024px\" \/><\/figure>\n\n\n\n<p>Une formation WordPress peut \u00eatre b\u00e9n\u00e9fique pour acqu\u00e9rir des comp\u00e9tences essentielles dans la cr\u00e9ation et la gestion de sites web. En apprenant \u00e0 utiliser WordPress, vous pourrez cr\u00e9er des sites professionnels, personnels ou e-commerce de mani\u00e8re autonome. Cela peut \u00e9galement vous ouvrir de nouvelles opportunit\u00e9s professionnelles dans le domaine du web design ou du d\u00e9veloppement web.<\/p>\n\n\n\n<p><strong>Tarifs :<\/strong><br>En pr\u00e9sentiel dans notre centre \u00e0 Miramont de Guyenne (47800) : 760 \u20ac pour 4 journ\u00e9es de formation max 10 personnes<br>En pr\u00e9sentiel 4 journ\u00e9es dans votre \u00e9tablissement sur devis<br>En distanciel : 600 \u20ac\/personne<\/p>\n\n\n\n<p><a href=\"https:\/\/delecroix.ovh\/index.php\/dates-formations\/\" data-type=\"page\" data-id=\"63\">Dates de nos formations <\/a><\/p>\n\n\n\n<div class=\"wp-block-columns is-layout-flex wp-container-core-columns-is-layout-9d6595d7 wp-block-columns-is-layout-flex\">\n<div class=\"wp-block-column is-layout-flow wp-block-column-is-layout-flow\" style=\"flex-basis:33.33%\">\n<figure class=\"wp-block-image size-large\"><img loading=\"lazy\" decoding=\"async\" width=\"1024\" height=\"1024\" src=\"https:\/\/delecroix.ovh\/wp-content\/uploads\/2024\/06\/wordpress-1414398_1280-1024x1024.jpg\" alt=\"\" class=\"wp-image-122\" srcset=\"https:\/\/delecroix.ovh\/wp-content\/uploads\/2024\/06\/wordpress-1414398_1280-1024x1024.jpg 1024w, https:\/\/delecroix.ovh\/wp-content\/uploads\/2024\/06\/wordpress-1414398_1280-300x300.jpg 300w, https:\/\/delecroix.ovh\/wp-content\/uploads\/2024\/06\/wordpress-1414398_1280-150x150.jpg 150w, https:\/\/delecroix.ovh\/wp-content\/uploads\/2024\/06\/wordpress-1414398_1280-768x768.jpg 768w, https:\/\/delecroix.ovh\/wp-content\/uploads\/2024\/06\/wordpress-1414398_1280-1200x1200.jpg 1200w, https:\/\/delecroix.ovh\/wp-content\/uploads\/2024\/06\/wordpress-1414398_1280.jpg 1280w\" sizes=\"auto, (max-width: 1024px) 100vw, 1024px\" \/><\/figure>\n<\/div>\n\n\n\n<div class=\"wp-block-column is-layout-flow wp-block-column-is-layout-flow\" style=\"flex-basis:66.66%\">\n<p><strong>La formation WordPress inclue les sujets suivants <\/strong><br>&#8211; Introduction \u00e0 WordPress<br>&#8211; Installation et configuration de WordPress<br>&#8211; Cr\u00e9ation et gestion de contenu<br>&#8211; Personnalisation de th\u00e8mes et de plugins<br>&#8211; Optimisation pour le r\u00e9f\u00e9rencement (SEO)<br>&#8211; S\u00e9curit\u00e9 et sauvegarde du site<br>&#8211; Gestion des utilisateurs et des commentaires<br>&#8211; Analyse des statistiques et du trafic<br>&#8211; Int\u00e9gration des r\u00e9seaux sociaux<br>&#8211; Mon\u00e9tisation du site (e-commerce, publicit\u00e9)<br>&#8211; Bonnes pratiques et astuces pour optimiser votre site WordPress.<\/p>\n<\/div>\n<\/div>\n\n\n<div class=\"wp-block-image\">\n<figure class=\"aligncenter size-full\"><img loading=\"lazy\" decoding=\"async\" width=\"480\" height=\"640\" src=\"https:\/\/delecroix.ovh\/wp-content\/uploads\/2024\/06\/software-2646725_640.png\" alt=\"\" class=\"wp-image-123\" srcset=\"https:\/\/delecroix.ovh\/wp-content\/uploads\/2024\/06\/software-2646725_640.png 480w, https:\/\/delecroix.ovh\/wp-content\/uploads\/2024\/06\/software-2646725_640-225x300.png 225w\" sizes=\"auto, (max-width: 480px) 100vw, 480px\" \/><\/figure>\n<\/div>\n\n\n<p><a href=\"https:\/\/delecroix.ovh\/index.php\/contacts\/\" data-type=\"page\" data-id=\"76\">N&rsquo;h\u00e9sitez pas \u00e0 me contacter pour de plus amples informations<\/a><\/p>\n","protected":false},"excerpt":{"rendered":"<p>Une formation WordPress peut \u00eatre b\u00e9n\u00e9fique pour acqu\u00e9rir des comp\u00e9tences essentielles dans la cr\u00e9ation et la gestion de sites web. En apprenant \u00e0 utiliser WordPress, vous pourrez cr\u00e9er des sites professionnels, personnels ou e-commerce de mani\u00e8re autonome. Cela peut \u00e9galement vous ouvrir de nouvelles opportunit\u00e9s professionnelles dans le domaine du web design ou du d\u00e9veloppement [&hellip;]<\/p>\n","protected":false},"author":1,"featured_media":0,"parent":0,"menu_order":0,"comment_status":"closed","ping_status":"closed","template":"","meta":{"footnotes":""},"class_list":["post-38","page","type-page","status-publish","hentry"],"_links":{"self":[{"href":"https:\/\/delecroix.ovh\/index.php\/wp-json\/wp\/v2\/pages\/38","targetHints":{"allow":["GET"]}}],"collection":[{"href":"https:\/\/delecroix.ovh\/index.php\/wp-json\/wp\/v2\/pages"}],"about":[{"href":"https:\/\/delecroix.ovh\/index.php\/wp-json\/wp\/v2\/types\/page"}],"author":[{"embeddable":true,"href":"https:\/\/delecroix.ovh\/index.php\/wp-json\/wp\/v2\/users\/1"}],"replies":[{"embeddable":true,"href":"https:\/\/delecroix.ovh\/index.php\/wp-json\/wp\/v2\/comments?post=38"}],"version-history":[{"count":5,"href":"https:\/\/delecroix.ovh\/index.php\/wp-json\/wp\/v2\/pages\/38\/revisions"}],"predecessor-version":[{"id":125,"href":"https:\/\/delecroix.ovh\/index.php\/wp-json\/wp\/v2\/pages\/38\/revisions\/125"}],"wp:attachment":[{"href":"https:\/\/delecroix.ovh\/index.php\/wp-json\/wp\/v2\/media?parent=38"}],"curies":[{"name":"wp","href":"https:\/\/api.w.org\/{rel}","templated":true}]}}