{"id":34,"date":"2024-06-01T15:47:38","date_gmt":"2024-06-01T13:47:38","guid":{"rendered":"https:\/\/delecroix.ovh\/?page_id=34"},"modified":"2024-06-05T17:15:48","modified_gmt":"2024-06-05T15:15:48","slug":"accueil","status":"publish","type":"page","link":"https:\/\/delecroix.ovh\/","title":{"rendered":"Accueil"},"content":{"rendered":"\n<figure class=\"wp-block-image size-large\"><img loading=\"lazy\" decoding=\"async\" width=\"1024\" height=\"456\" src=\"https:\/\/delecroix.ovh\/wp-content\/uploads\/2024\/06\/training-1848687_1280-1024x456.jpg\" alt=\"\" class=\"wp-image-72\" srcset=\"https:\/\/delecroix.ovh\/wp-content\/uploads\/2024\/06\/training-1848687_1280-1024x456.jpg 1024w, https:\/\/delecroix.ovh\/wp-content\/uploads\/2024\/06\/training-1848687_1280-300x134.jpg 300w, https:\/\/delecroix.ovh\/wp-content\/uploads\/2024\/06\/training-1848687_1280-768x342.jpg 768w, https:\/\/delecroix.ovh\/wp-content\/uploads\/2024\/06\/training-1848687_1280-1200x534.jpg 1200w, https:\/\/delecroix.ovh\/wp-content\/uploads\/2024\/06\/training-1848687_1280.jpg 1280w\" sizes=\"auto, (max-width: 1024px) 100vw, 1024px\" \/><\/figure>\n\n\n\n<p>Un peu de moi\u2026<\/p>\n\n\n\n<p>J\u2019ai 52 ans, je suis en couple depuis plus de 29 ans et j\u2019ai 2 grands enfants.<\/p>\n\n\n\n<p>Apporter de la compr\u00e9hension, du soulagement aux personnes et aux couples en souffrance est mon principal cr\u00e9do. Dans la suite d\u2019un v\u00e9cu professionnel riche d\u2019innombrables exp\u00e9riences comme charg\u00e9 d\u2019affaires, le management d\u2019entreprises (agences evenementiels, chambre d&rsquo;h\u00f4tes de luxe, centre de bien-\u00eatre, gestion \u00e9galement d&rsquo;une Pizz\u00e9ria), la formation de formateur\u2026 Je me suis reconverti dans le bien-\u00eatre \u00e0 la personne pour donner un sens profond \u00e0 ma vie. En effet, rien n\u2019est plus motivant que de rendre les gens heureux, une ambition qui rel\u00e8ve pour moi d\u2019une d\u00e9marche fonci\u00e8rement humaniste.<\/p>\n\n\n\n<p>Apr\u00e8s m\u2019\u00eatre initi\u00e9 aux soins \u00e9nerg\u00e9tiques tels que le magn\u00e9tisme et reiki, une m\u00e9thode soignante d\u2019origine japonaise, j\u2019ai fond\u00e9 dans les ann\u00e9es 2018 un centre enti\u00e8rement d\u00e9di\u00e9 au bien-\u00eatre dans lequel j\u2019exerce \u00e9galement ma profession de th\u00e9rapeute.<\/p>\n\n\n\n<p>Ayant suivi une premi\u00e8re formation en th\u00e9rapie de couple sous l\u2019\u00e9gide de St\u00e9phane Bini,\u00a0Th\u00e9rapeute, une seconde avec le psychanalyste et sexoth\u00e9rapeute Alain H\u00e9ril, j\u2019ai termin\u00e9 mon cursus de formation avec l\u2019\u00e9minent m\u00e9decin-sexologue Jacques Waynberg. Je suis membre de l\u2019association europ\u00e9enne de sexoth\u00e9rapie et de th\u00e9rapie de couple.<\/p>\n\n\n\n<p>Dans d&rsquo;autres domaines, j&rsquo;ai ete form\u00e9 comme webmaster et dans les pratiques d&rsquo;hygi\u00e8ne alimentaire. <\/p>\n\n\n\n<p>Enfin j&rsquo;ai d\u00e9cid\u00e9 de mettre toutes mes comp\u00e9tences et connaissances dans mes diverses formations que je vous propose.<\/p>\n\n\n\n<p>Je vous souhaite une belle visite sur mon site internet et n&rsquo;h\u00e9sitez pas \u00e0 me <a href=\"https:\/\/delecroix.ovh\/index.php\/contacts\/\" data-type=\"page\" data-id=\"76\">contacter <\/a>pour de plus amples informations.<\/p>\n","protected":false},"excerpt":{"rendered":"<p>Un peu de moi\u2026 J\u2019ai 52 ans, je suis en couple depuis plus de 29 ans et j\u2019ai 2 grands enfants. Apporter de la compr\u00e9hension, du soulagement aux personnes et aux couples en souffrance est mon principal cr\u00e9do. Dans la suite d\u2019un v\u00e9cu professionnel riche d\u2019innombrables exp\u00e9riences comme charg\u00e9 d\u2019affaires, le management d\u2019entreprises (agences evenementiels, [&hellip;]<\/p>\n","protected":false},"author":1,"featured_media":0,"parent":0,"menu_order":0,"comment_status":"closed","ping_status":"closed","template":"","meta":{"footnotes":""},"class_list":["post-34","page","type-page","status-publish","hentry"],"_links":{"self":[{"href":"https:\/\/delecroix.ovh\/index.php\/wp-json\/wp\/v2\/pages\/34","targetHints":{"allow":["GET"]}}],"collection":[{"href":"https:\/\/delecroix.ovh\/index.php\/wp-json\/wp\/v2\/pages"}],"about":[{"href":"https:\/\/delecroix.ovh\/index.php\/wp-json\/wp\/v2\/types\/page"}],"author":[{"embeddable":true,"href":"https:\/\/delecroix.ovh\/index.php\/wp-json\/wp\/v2\/users\/1"}],"replies":[{"embeddable":true,"href":"https:\/\/delecroix.ovh\/index.php\/wp-json\/wp\/v2\/comments?post=34"}],"version-history":[{"count":4,"href":"https:\/\/delecroix.ovh\/index.php\/wp-json\/wp\/v2\/pages\/34\/revisions"}],"predecessor-version":[{"id":119,"href":"https:\/\/delecroix.ovh\/index.php\/wp-json\/wp\/v2\/pages\/34\/revisions\/119"}],"wp:attachment":[{"href":"https:\/\/delecroix.ovh\/index.php\/wp-json\/wp\/v2\/media?parent=34"}],"curies":[{"name":"wp","href":"https:\/\/api.w.org\/{rel}","templated":true}]}}